{"id":12,"date":"2026-05-04T05:05:05","date_gmt":"2026-05-04T05:05:05","guid":{"rendered":"https:\/\/nuevo.tvendo.click\/index.php\/product\/picador-verdura-15-en-1\/"},"modified":"2026-05-04T06:14:24","modified_gmt":"2026-05-04T06:14:24","slug":"picador-verdura-15-en-1","status":"publish","type":"product","link":"https:\/\/nuevo.tvendo.click\/index.php\/product\/picador-verdura-15-en-1\/","title":{"rendered":"Picador verdura 15 en 1"},"content":{"rendered":"<h2>Descripci\u00f3n<\/h2>\n<p>Cortador de verduras 15 en 1, corte uniforme con caja de almacenamiento, trituraci\u00f3n, rebanado, rejilla, corte en cubitos, cortador de verduras de cocina multiusos, suministros de cocina<\/p>\n<p>Descripci\u00f3n:<br \/>Como gran ayudante en la cocina para la trituraci\u00f3n gruesa, la trituraci\u00f3n fina, el rebanado grueso, el picado, el corte en cubitos y la rejilla, este cortador de verduras multifuncional con m\u00faltiples accesorios no solo satisface una variedad de necesidades, sino que tambi\u00e9n ahorra tiempo y esfuerzo, ayudando a los genios de la cocina a disfrutar de la cocina.<br \/>No solo contiene diferentes tipos de cuchillas para cortar, sino que esta picadora tambi\u00e9n viene con una cesta de drenaje y un protector de mano para ayudar a mantener sus mostradores ordenados y mantenerlo seguro al preparar alimentos.<br \/>Est\u00e1 construido de material ABS.<br \/>La longitud de este producto es de 33,5 cm, el ancho es de 12,5 cm y la altura es de 10cm.<br \/>Se puede utilizar para cocina y restaurante.<\/p>\n<p>Nombre del art\u00edculo: cortador de verduras<br \/>Material: ABS<br \/>Caracter\u00edsticas: multifuncional, operaci\u00f3n simple, corte uniforme<br \/>Detalles del tama\u00f1o:<br \/>L: 33,5 cm\/13,19 &#8220;, W: 12,5 cm\/4,92&#8221;, H: 10cm\/3,94 &#8220;(aprox.)<\/p>\n<p>Notas:<br \/>Debido a la diferencia en la configuraci\u00f3n de la luz y la pantalla, el color del art\u00edculo puede ser ligeramente diferente al de las im\u00e1genes.<br \/>Permita una ligera diferencia en las dimensiones debido a las diferentes mediciones manuales.<\/p>\n<p>El paquete incluye<br \/>1 Juego de cortador de verduras<\/p>\n<p>&nbsp;<\/p>\n<figure class=\"image\"><img decoding=\"async\" src=\"https:\/\/ae03.alicdn.com\/kf\/Sacd408609cb14cfcb5e01ea5be1e850ce.jpg\"><\/figure>\n<figure class=\"image\"><img decoding=\"async\" src=\"https:\/\/ae03.alicdn.com\/kf\/Sfa139aa96bc44f1aa7a11a2d31c350e7y.jpg\"><\/figure>\n<figure class=\"image\"><img decoding=\"async\" src=\"https:\/\/ae03.alicdn.com\/kf\/S24154916e77e40849ab83407505fa5d1m.jpg\"><\/figure>\n<figure class=\"image\"><img decoding=\"async\" src=\"https:\/\/ae03.alicdn.com\/kf\/Sf4142a89b049413f8e5474bcde04945eQ.jpg\"><\/figure>\n<figure class=\"image\"><img decoding=\"async\" src=\"https:\/\/ae03.alicdn.com\/kf\/S0567b264e97c483a9306a6e92aa9c493H.jpg\"><\/figure>\n<figure class=\"image\"><img decoding=\"async\" src=\"https:\/\/ae03.alicdn.com\/kf\/S48d5c167f6ab4bdb92c921d994946b0eo.jpg\"><\/figure>\n<figure class=\"image\"><img decoding=\"async\" src=\"https:\/\/ae03.alicdn.com\/kf\/S113ac6d4a000444e98808d6d6fd3dd8aI.jpg\"><\/figure>\n<figure class=\"image\"><img decoding=\"async\" src=\"https:\/\/ae03.alicdn.com\/kf\/S14f94e981fb54fd78be8228d77a6cc32t.jpg\"><\/figure>\n<figure class=\"image\"><img decoding=\"async\" src=\"https:\/\/ae03.alicdn.com\/kf\/S5f093216496d4913a03c6e4a2f7af4364.jpg\"><\/figure>\n<figure class=\"image\"><img decoding=\"async\" src=\"https:\/\/ae03.alicdn.com\/kf\/Sbd62649987c94440a627edee7bd62ce2s.jpg\"><\/figure>\n<figure class=\"image\"><img decoding=\"async\" src=\"https:\/\/ae03.alicdn.com\/kf\/S0c010364f2fb4e119b245fa691d503e0v.jpg\"><\/figure>\n<figure class=\"image\"><img decoding=\"async\" src=\"https:\/\/ae03.alicdn.com\/kf\/Scc68b2c0e4bf4a3e9d2e27b8c1df6264B.jpg\"><\/figure>\n<figure class=\"image\"><img decoding=\"async\" src=\"https:\/\/ae03.alicdn.com\/kf\/S4d7376325f8d40228d1ac2dac7006a6al.jpg\"><\/figure>\n<figure class=\"image\"><img decoding=\"async\" src=\"https:\/\/ae03.alicdn.com\/kf\/Sda0a33d34a934d92b67680c569521accx.jpg\"><\/figure>\n<figure class=\"image\"><img decoding=\"async\" src=\"https:\/\/ae03.alicdn.com\/kf\/S8be691adecd44bd68d3e9c9f6ecce346n.jpg\"><\/figure>\n<figure class=\"image\"><img decoding=\"async\" src=\"https:\/\/ae03.alicdn.com\/kf\/Sdb7885c74d214bfb9455120d8c692debz.jpg\"><\/figure>\n<figure class=\"image\"><img decoding=\"async\" src=\"https:\/\/ae03.alicdn.com\/kf\/S637aaca7f4da48609b6443ef1d9dbddeX.jpg\"><\/figure>\n<figure class=\"image\"><img decoding=\"async\" src=\"https:\/\/ae03.alicdn.com\/kf\/S8b907fea7bb74f7db6803e222978dc94W.jpg\"><\/figure>\n<figure class=\"image\"><img decoding=\"async\" src=\"https:\/\/ae03.alicdn.com\/kf\/Sb6ab81934ba54d25ae9d5a89207808bb8.jpg\"><\/figure>\n<figure class=\"image\"><img decoding=\"async\" src=\"https:\/\/ae03.alicdn.com\/kf\/S3f5a076b08094feeae9f3f6316ecaa66T.jpg\"><\/figure>\n<figure class=\"image\"><img decoding=\"async\" src=\"https:\/\/ae03.alicdn.com\/kf\/S98c433711cc44e8eb2793b97b5bfb43ay.jpg\"><\/figure>\n<figure class=\"image\"><img decoding=\"async\" src=\"https:\/\/ae03.alicdn.com\/kf\/Sb1d82e61401449f0ac10a8de9a9b76d3j.jpg\"><\/figure>\n<figure class=\"image\"><img decoding=\"async\" src=\"https:\/\/ae03.alicdn.com\/kf\/S0839d3729ff0492bb988affae07e28f0B.jpg\"><\/figure>\n<figure class=\"image\"><img decoding=\"async\" src=\"https:\/\/ae03.alicdn.com\/kf\/S36c08af6c9114a848af6a3069ce839e3L.jpg\"><\/figure>\n<figure class=\"image\"><img decoding=\"async\" src=\"https:\/\/ae03.alicdn.com\/kf\/Sa8b1bc7919ab44be91367d51ea058e07d.jpg\"><\/figure>\n<figure class=\"image\"><img decoding=\"async\" src=\"https:\/\/ae03.alicdn.com\/kf\/Sd738daa1dd0a4ae2ab15d866c9cb09b0f.jpg\"><\/figure>\n<figure class=\"image\"><img decoding=\"async\" src=\"https:\/\/ae03.alicdn.com\/kf\/Sda95131ab05e4a309583b6d63cf9c0f4k.jpg\"><\/figure>\n","protected":false},"excerpt":{"rendered":"<p>Descripci\u00f3n Cortador de verduras 15 en 1, corte uniforme con caja de almacenamiento, trituraci\u00f3n, rebanado, rejilla, corte en cubitos, cortador de verduras de cocina multiusos, suministros de cocina Descripci\u00f3n:Como gran ayudante en la cocina para la trituraci\u00f3n gruesa, la trituraci\u00f3n fina, el rebanado grueso, el picado, el corte en cubitos y la rejilla, este cortador [&hellip;]<\/p>\n","protected":false},"featured_media":13,"comment_status":"open","ping_status":"closed","template":"","meta":[],"product_brand":[],"product_cat":[16],"product_tag":[],"class_list":{"0":"post-12","1":"product","2":"type-product","3":"status-publish","4":"has-post-thumbnail","6":"product_cat-cocina","8":"first","9":"instock","10":"sale","11":"shipping-taxable","12":"purchasable","13":"product-type-simple"},"_links":{"self":[{"href":"https:\/\/nuevo.tvendo.click\/index.php\/wp-json\/wp\/v2\/product\/12","targetHints":{"allow":["GET"]}}],"collection":[{"href":"https:\/\/nuevo.tvendo.click\/index.php\/wp-json\/wp\/v2\/product"}],"about":[{"href":"https:\/\/nuevo.tvendo.click\/index.php\/wp-json\/wp\/v2\/types\/product"}],"replies":[{"embeddable":true,"href":"https:\/\/nuevo.tvendo.click\/index.php\/wp-json\/wp\/v2\/comments?post=12"}],"wp:featuredmedia":[{"embeddable":true,"href":"https:\/\/nuevo.tvendo.click\/index.php\/wp-json\/wp\/v2\/media\/13"}],"wp:attachment":[{"href":"https:\/\/nuevo.tvendo.click\/index.php\/wp-json\/wp\/v2\/media?parent=12"}],"wp:term":[{"taxonomy":"product_brand","embeddable":true,"href":"https:\/\/nuevo.tvendo.click\/index.php\/wp-json\/wp\/v2\/product_brand?post=12"},{"taxonomy":"product_cat","embeddable":true,"href":"https:\/\/nuevo.tvendo.click\/index.php\/wp-json\/wp\/v2\/product_cat?post=12"},{"taxonomy":"product_tag","embeddable":true,"href":"https:\/\/nuevo.tvendo.click\/index.php\/wp-json\/wp\/v2\/product_tag?post=12"}],"curies":[{"name":"wp","href":"https:\/\/api.w.org\/{rel}","templated":true}]}}